{"id":65,"date":"2021-06-03T09:40:41","date_gmt":"2021-06-03T09:40:41","guid":{"rendered":"http:\/\/www.artisticfilms.es\/?page_id=65"},"modified":"2021-09-15T09:19:26","modified_gmt":"2021-09-15T09:19:26","slug":"servicios-audiovisuales","status":"publish","type":"page","link":"http:\/\/www.artisticfilms.es\/index.php\/servicios-audiovisuales\/","title":{"rendered":"Servicios Audiovisuales"},"content":{"rendered":"\n<p class=\"has-text-align-center\">Aparte de la producci\u00f3n y distribuci\u00f3n, ofrecemos una serie de servicios audiovisuales para el cineasta:<\/p>\n\n\n\n<ul class=\"has-normal-font-size wp-block-list\"><li><strong>Laboratorio de imagen y DCP<\/strong>: elaboramos y realizamos los archivos DCP para la futura proyecci\u00f3n en salas cinematogr\u00e1ficas del proyecto.<\/li><\/ul>\n\n\n\n<ul class=\"wp-block-list\"><li><strong>Masterizado BluRay:<\/strong> ideal para tu proyecci\u00f3n.<\/li><\/ul>\n\n\n\n<ul class=\"wp-block-list\"><li><strong>Subtitulado<\/strong>: configuramos el subtitulado a cualquier idioma de tu proyecto (.Srt).<\/li><\/ul>\n\n\n\n<ul class=\"wp-block-list\"><li><strong>Traducci\u00f3n<\/strong>: elaboramos la traducci\u00f3n al ingl\u00e9s de tu proyecto, realizando una interpretaci\u00f3n y traducci\u00f3n adaptando los diferentes gags del idioma.<\/li><\/ul>\n\n\n\n<ul class=\"wp-block-list\"><li><strong>Trailers<\/strong>: realizamos y conformamos el tr\u00e1iler de tu pel\u00edcula o cortometraje.<\/li><\/ul>\n\n\n\n<ul class=\"wp-block-list\"><li><strong>Sala de proyecci\u00f3n o exhibici\u00f3n<\/strong>: disponemos de una sala de cine para visionados, pases de prensa, pases de equipo, estrenos, cartelera&#8230;<\/li><\/ul>\n\n\n\n<ul class=\"wp-block-list\"><li><strong>Asesor\u00eda legal<\/strong>: ofrecemos nuestros servicios de asesor\u00eda legal para que tu proyecto llegue a buen puerto y tenga todos los permisos y calificaciones necesarios para poder exhibirse en salas comerciales, vender a plataformas o Tvs, y presentarse a los Premios Goya.<\/li><\/ul>\n\n\n\n<p><\/p>\n\n\n\n<h4 class=\"has-text-align-center has-white-color has-text-color wp-block-heading\">Tarifas<\/h4>\n\n\n\n<ol class=\"wp-block-list\" id=\"block-265868f0-bb89-4811-8146-acb2642cf692\"><li>Dcp cortometrajes hasta 10 minutos: 75\u20ac<\/li><li>Dcp cortometrajes hasta 20 minutos: 90\u20ac<\/li><li>Dcp largometrajes: 350\u20ac (soporte incluido HD USB3 500 Gb)<\/li><li>Masterizado Bluray: 100\u20ac (A partir de la segunda copia, copia Bluray BD-R25: 15\u20ac)<\/li><li>Subtitulado cortometraje: 125\u20ac<\/li><li>Subtitulado largometraje: 350\u20ac<\/li><li>Traducci\u00f3n cortometraje: 250\u20ac<\/li><li>Traducci\u00f3n largometraje: 500\u20ac<\/li><li>Trailer: 490\u20ac<\/li><li>Sala de exhibici\u00f3n y de proyecci\u00f3n: 100\u20ac\/hora. A consultar<\/li><li>Asesor\u00eda legal: A consultar<\/li><\/ol>\n\n\n\n<div class=\"wp-block-image\"><figure class=\"aligncenter size-large\"><img loading=\"lazy\" decoding=\"async\" width=\"1024\" height=\"576\" src=\"http:\/\/www.artisticfilms.es\/wp-content\/uploads\/2021\/06\/Nuevo_Metropol_6-1024x576.jpg\" alt=\"\" class=\"wp-image-126\" srcset=\"http:\/\/www.artisticfilms.es\/wp-content\/uploads\/2021\/06\/Nuevo_Metropol_6-1024x576.jpg 1024w, http:\/\/www.artisticfilms.es\/wp-content\/uploads\/2021\/06\/Nuevo_Metropol_6-300x169.jpg 300w, http:\/\/www.artisticfilms.es\/wp-content\/uploads\/2021\/06\/Nuevo_Metropol_6-768x432.jpg 768w, http:\/\/www.artisticfilms.es\/wp-content\/uploads\/2021\/06\/Nuevo_Metropol_6-1536x864.jpg 1536w, http:\/\/www.artisticfilms.es\/wp-content\/uploads\/2021\/06\/Nuevo_Metropol_6-2048x1152.jpg 2048w\" sizes=\"auto, (max-width: 1024px) 100vw, 1024px\" \/><\/figure><\/div>\n\n\n\n<div class=\"wp-block-image\"><figure class=\"aligncenter size-large is-resized\"><img loading=\"lazy\" decoding=\"async\" src=\"http:\/\/www.artisticfilms.es\/wp-content\/uploads\/2021\/06\/LOGO_ARTISTIC_FILMS.jpg\" alt=\"\" class=\"wp-image-115\" width=\"380\" height=\"141\" srcset=\"http:\/\/www.artisticfilms.es\/wp-content\/uploads\/2021\/06\/LOGO_ARTISTIC_FILMS.jpg 513w, http:\/\/www.artisticfilms.es\/wp-content\/uploads\/2021\/06\/LOGO_ARTISTIC_FILMS-300x111.jpg 300w\" sizes=\"auto, (max-width: 380px) 100vw, 380px\" \/><\/figure><\/div>\n","protected":false},"excerpt":{"rendered":"<p>Aparte de la producci\u00f3n y distribuci\u00f3n, ofrecemos una serie de servicios audiovisuales para el cineasta: Laboratorio de imagen y DCP: elaboramos y realizamos los archivos DCP para la futura proyecci\u00f3n en salas cinematogr\u00e1ficas del proyecto. Masterizado BluRay: ideal para tu proyecci\u00f3n. Subtitulado: configuramos el subtitulado a cualquier idioma de tu proyecto (.Srt). Traducci\u00f3n: elaboramos la [&hellip;]<\/p>\n","protected":false},"author":1,"featured_media":0,"parent":0,"menu_order":0,"comment_status":"closed","ping_status":"closed","template":"","meta":{"footnotes":""},"class_list":["post-65","page","type-page","status-publish","hentry"],"_links":{"self":[{"href":"http:\/\/www.artisticfilms.es\/index.php\/wp-json\/wp\/v2\/pages\/65","targetHints":{"allow":["GET"]}}],"collection":[{"href":"http:\/\/www.artisticfilms.es\/index.php\/wp-json\/wp\/v2\/pages"}],"about":[{"href":"http:\/\/www.artisticfilms.es\/index.php\/wp-json\/wp\/v2\/types\/page"}],"author":[{"embeddable":true,"href":"http:\/\/www.artisticfilms.es\/index.php\/wp-json\/wp\/v2\/users\/1"}],"replies":[{"embeddable":true,"href":"http:\/\/www.artisticfilms.es\/index.php\/wp-json\/wp\/v2\/comments?post=65"}],"version-history":[{"count":8,"href":"http:\/\/www.artisticfilms.es\/index.php\/wp-json\/wp\/v2\/pages\/65\/revisions"}],"predecessor-version":[{"id":224,"href":"http:\/\/www.artisticfilms.es\/index.php\/wp-json\/wp\/v2\/pages\/65\/revisions\/224"}],"wp:attachment":[{"href":"http:\/\/www.artisticfilms.es\/index.php\/wp-json\/wp\/v2\/media?parent=65"}],"curies":[{"name":"wp","href":"https:\/\/api.w.org\/{rel}","templated":true}]}}