{"id":64,"date":"2021-06-03T09:40:41","date_gmt":"2021-06-03T09:40:41","guid":{"rendered":"http:\/\/www.artisticfilms.es\/?page_id=64"},"modified":"2021-09-05T10:14:54","modified_gmt":"2021-09-05T10:14:54","slug":"distribucion","status":"publish","type":"page","link":"http:\/\/www.artisticfilms.es\/index.php\/distribucion\/","title":{"rendered":"Distribuci\u00f3n"},"content":{"rendered":"\n<h3 class=\"has-text-align-center has-white-color has-text-color wp-block-heading\">Nuestro cat\u00e1logo<\/h3>\n\n\n\n<div class=\"wp-block-media-text alignwide is-stacked-on-mobile\" style=\"grid-template-columns:23% auto\"><figure class=\"wp-block-media-text__media\"><img loading=\"lazy\" decoding=\"async\" width=\"310\" height=\"420\" src=\"http:\/\/www.artisticfilms.es\/wp-content\/uploads\/2021\/06\/cartel-vampyres-1.jpg\" alt=\"\" class=\"wp-image-167 size-full\" srcset=\"http:\/\/www.artisticfilms.es\/wp-content\/uploads\/2021\/06\/cartel-vampyres-1.jpg 310w, http:\/\/www.artisticfilms.es\/wp-content\/uploads\/2021\/06\/cartel-vampyres-1-221x300.jpg 221w\" sizes=\"auto, (max-width: 310px) 100vw, 310px\" \/><\/figure><div class=\"wp-block-media-text__content\">\n<p class=\"has-text-align-center has-large-font-size\"><strong><em>Vampyres<\/em><\/strong><\/p>\n\n\n\n<p>G\u00e9nero: Terror<\/p>\n\n\n\n<p>A\u00f1o: 2015<\/p>\n\n\n\n<p>Duraci\u00f3n: 82 min<\/p>\n\n\n\n<p class=\"has-text-align-center\">Dos vampiras, que habitan en una oscura mansi\u00f3n, atraen a los hombres para ofrecerles org\u00edas de sexo que desembocan en ba\u00f1os de sangre. Hasta all\u00ed llegan unos j\u00f3venes excursionistas con ganas de fiesta y un hombre joven que oculta un oscuro pasado.<\/p>\n<\/div><\/div>\n\n\n\n<p><\/p>\n\n\n\n<div class=\"wp-block-media-text alignwide is-stacked-on-mobile\" style=\"grid-template-columns:23% auto\"><figure class=\"wp-block-media-text__media\"><img loading=\"lazy\" decoding=\"async\" width=\"654\" height=\"1024\" src=\"http:\/\/www.artisticfilms.es\/wp-content\/uploads\/2021\/06\/La-dama-del-bosque-654x1024.jpg\" alt=\"\" class=\"wp-image-168 size-full\" srcset=\"http:\/\/www.artisticfilms.es\/wp-content\/uploads\/2021\/06\/La-dama-del-bosque-654x1024.jpg 654w, http:\/\/www.artisticfilms.es\/wp-content\/uploads\/2021\/06\/La-dama-del-bosque-192x300.jpg 192w, http:\/\/www.artisticfilms.es\/wp-content\/uploads\/2021\/06\/La-dama-del-bosque.jpg 766w\" sizes=\"auto, (max-width: 654px) 100vw, 654px\" \/><\/figure><div class=\"wp-block-media-text__content\">\n<p class=\"has-text-align-center has-large-font-size\"><strong><em>La Dama del Bosque Maldito<\/em><\/strong><\/p>\n\n\n\n<p>G\u00e9nero: Terror<\/p>\n\n\n\n<p>A\u00f1o: 2017<\/p>\n\n\n\n<p>Duraci\u00f3n: 93 min<\/p>\n\n\n\n<p class=\"has-text-align-center\">Un grupo de amigos sube una monta\u00f1a en busca de una nueva aventura. Su viaje toma un rumbo inesperado despu\u00e9s de la primera noche, cuando Marta cuenta &#8220;la leyenda de la dama del bosque maldito&#8221;. Una antigua historia que pertenece a este bosque.<\/p>\n<\/div><\/div>\n\n\n\n<p><\/p>\n\n\n\n<div class=\"wp-block-media-text alignwide is-stacked-on-mobile\" style=\"grid-template-columns:23% auto\"><figure class=\"wp-block-media-text__media\"><img loading=\"lazy\" decoding=\"async\" width=\"704\" height=\"1000\" src=\"http:\/\/www.artisticfilms.es\/wp-content\/uploads\/2021\/06\/nubes-de-carton.jpg\" alt=\"\" class=\"wp-image-169 size-full\" srcset=\"http:\/\/www.artisticfilms.es\/wp-content\/uploads\/2021\/06\/nubes-de-carton.jpg 704w, http:\/\/www.artisticfilms.es\/wp-content\/uploads\/2021\/06\/nubes-de-carton-211x300.jpg 211w\" sizes=\"auto, (max-width: 704px) 100vw, 704px\" \/><\/figure><div class=\"wp-block-media-text__content\">\n<p class=\"has-text-align-center has-large-font-size\"><strong><em>Nubes de Cart\u00f3n<\/em><\/strong><\/p>\n\n\n\n<p>G\u00e9nero: Drama<\/p>\n\n\n\n<p>A\u00f1o: 2019<\/p>\n\n\n\n<p>Duraci\u00f3n: 104 min<\/p>\n\n\n\n<p class=\"has-text-align-center\">Miguel es un mendigo aislado de la sociedad que sobrevive en la calles tras la muerte de su madre. Su hermana menor Irene es lo \u00fanico que le queda, pero ella le odia por todos los errores que cometi\u00f3 en un oscuro pasado envuelto en alcohol y drogas. Miguel lucha contra su enfermedad y los obst\u00e1culos de su triste y solitaria vida, para que su hermana le perdone antes de que sea demasiado tarde, pero un fat\u00eddico y sorprendente hallazgo lo cambiar\u00e1 todo.<\/p>\n<\/div><\/div>\n\n\n\n<p><\/p>\n\n\n\n<div class=\"wp-block-media-text alignwide is-stacked-on-mobile\" style=\"grid-template-columns:23% auto\"><figure class=\"wp-block-media-text__media\"><img loading=\"lazy\" decoding=\"async\" width=\"733\" height=\"1024\" src=\"http:\/\/www.artisticfilms.es\/wp-content\/uploads\/2021\/06\/cartel-Regresa-El-Cepa-733x1024.jpg\" alt=\"\" class=\"wp-image-170 size-full\" srcset=\"http:\/\/www.artisticfilms.es\/wp-content\/uploads\/2021\/06\/cartel-Regresa-El-Cepa-733x1024.jpg 733w, http:\/\/www.artisticfilms.es\/wp-content\/uploads\/2021\/06\/cartel-Regresa-El-Cepa-215x300.jpg 215w, http:\/\/www.artisticfilms.es\/wp-content\/uploads\/2021\/06\/cartel-Regresa-El-Cepa-768x1073.jpg 768w, http:\/\/www.artisticfilms.es\/wp-content\/uploads\/2021\/06\/cartel-Regresa-El-Cepa.jpg 859w\" sizes=\"auto, (max-width: 733px) 100vw, 733px\" \/><\/figure><div class=\"wp-block-media-text__content\">\n<p class=\"has-text-align-center has-large-font-size\"><strong><em>Regresa El Cepa<\/em><\/strong><\/p>\n\n\n\n<p>G\u00e9nero: Documental<\/p>\n\n\n\n<p>A\u00f1o: 2019<\/p>\n\n\n\n<p>Duraci\u00f3n: 81 min<\/p>\n\n\n\n<p class=\"has-text-align-center\">Hace cuarenta a\u00f1os se rodaba \u201cEl crimen de Cuenca\u201d (1979) de la directora Pilar Mir\u00f3, que ser\u00e1 despu\u00e9s secuestrada militarmente y su directora procesada. Una pel\u00edcula que m\u00e1s tarde se convertir\u00e1 en uno de los grandes \u00e9xitos del cine espa\u00f1ol y su estreno en un ejemplo de avance de la democracia y de la libertad de expresi\u00f3n. Como en el caso real y en la pel\u00edcula, \u201cEl Cepa\u201d regresa para contarlo.<\/p>\n<\/div><\/div>\n\n\n\n<div class=\"wp-block-media-text alignwide is-stacked-on-mobile\" style=\"grid-template-columns:23% auto\"><figure class=\"wp-block-media-text__media\"><img loading=\"lazy\" decoding=\"async\" width=\"724\" height=\"1024\" src=\"http:\/\/www.artisticfilms.es\/wp-content\/uploads\/2021\/06\/Monumental-507591817-large-724x1024.jpg\" alt=\"\" class=\"wp-image-172 size-full\" srcset=\"http:\/\/www.artisticfilms.es\/wp-content\/uploads\/2021\/06\/Monumental-507591817-large-724x1024.jpg 724w, http:\/\/www.artisticfilms.es\/wp-content\/uploads\/2021\/06\/Monumental-507591817-large-212x300.jpg 212w, http:\/\/www.artisticfilms.es\/wp-content\/uploads\/2021\/06\/Monumental-507591817-large-768x1087.jpg 768w, http:\/\/www.artisticfilms.es\/wp-content\/uploads\/2021\/06\/Monumental-507591817-large.jpg 848w\" sizes=\"auto, (max-width: 724px) 100vw, 724px\" \/><\/figure><div class=\"wp-block-media-text__content\">\n<p class=\"has-text-align-center has-large-font-size\"><strong><em>Monumental<\/em><\/strong><\/p>\n\n\n\n<p>G\u00e9nero: Documental<\/p>\n\n\n\n<p>A\u00f1o: 2020<\/p>\n\n\n\n<p>Duraci\u00f3n: 77 min<\/p>\n\n\n\n<p class=\"has-text-align-center\">Esta es la historia de siete personas diagnosticadas con enfermedad mental grave y duradera, del taller de teatro en el que se encuentran, de los retratos fotogr\u00e1ficos que una de ellas decide hacerles, de las relaciones que poco a poco se van estableciendo entre ellos, sus confesiones, sue\u00f1os e inquietudes. Pero, sobre todo, lo es de su particular catarsis a trav\u00e9s de la propia filmaci\u00f3n del documental; para algunos, una manera de hacer las paces con su pasado; para otros, el descubrimiento de nuevos amigos; y para otros, una manera de afrontar los fantasmas de su ni\u00f1ez. En definitiva, una experiencia que marcar\u00e1 un punto de giro en sus vidas.<\/p>\n\n\n\n<p><\/p>\n<\/div><\/div>\n\n\n\n<div class=\"wp-block-media-text alignwide is-stacked-on-mobile\" style=\"grid-template-columns:25% auto\"><figure class=\"wp-block-media-text__media\"><img loading=\"lazy\" decoding=\"async\" width=\"722\" height=\"1024\" src=\"http:\/\/www.artisticfilms.es\/wp-content\/uploads\/2021\/09\/Poster-Herederas-Sitges-722x1024.png\" alt=\"\" class=\"wp-image-209 size-full\" srcset=\"http:\/\/www.artisticfilms.es\/wp-content\/uploads\/2021\/09\/Poster-Herederas-Sitges-722x1024.png 722w, http:\/\/www.artisticfilms.es\/wp-content\/uploads\/2021\/09\/Poster-Herederas-Sitges-211x300.png 211w, http:\/\/www.artisticfilms.es\/wp-content\/uploads\/2021\/09\/Poster-Herederas-Sitges-768x1089.png 768w, http:\/\/www.artisticfilms.es\/wp-content\/uploads\/2021\/09\/Poster-Herederas-Sitges-1083x1536.png 1083w, http:\/\/www.artisticfilms.es\/wp-content\/uploads\/2021\/09\/Poster-Herederas-Sitges-1444x2048.png 1444w, http:\/\/www.artisticfilms.es\/wp-content\/uploads\/2021\/09\/Poster-Herederas-Sitges.png 1830w\" sizes=\"auto, (max-width: 722px) 100vw, 722px\" \/><\/figure><div class=\"wp-block-media-text__content\">\n<p class=\"has-text-align-center has-large-font-size\" id=\"block-9f9c4c4c-717c-4054-be2e-7ce99af904c5\"><strong><em> <\/em><\/strong>Herederas<\/p>\n\n\n\n<p id=\"block-a23bbaa7-3e0b-475b-81d8-4ec501e60a7e\">G\u00e9nero: Terror<\/p>\n\n\n\n<p id=\"block-0d2a9ac5-bf0e-4984-8eae-775d5262dbee\">A\u00f1o: 2021<\/p>\n\n\n\n<p id=\"block-5e8852d0-42ea-466d-954e-2dcc09ccd91b\">Duraci\u00f3n: 80 min<\/p>\n\n\n\n<p id=\"block-9bc7864a-d911-4ce0-b2d9-ab8d933d2828\">Tras la muerte de su marido, Elena y su hija Celia afrontan una nueva etapa en sus vidas. Una noche Elena va a una cena a la que ha sido invitada dejando a Celia sola en casa. A partir de ese momento, sus vidas dan un giro inesperado por las terribles consecuencias de sus actos.<\/p>\n<\/div><\/div>\n\n\n\n<div class=\"wp-block-media-text alignwide is-stacked-on-mobile\" style=\"grid-template-columns:24% auto\"><figure class=\"wp-block-media-text__media\"><img loading=\"lazy\" decoding=\"async\" width=\"344\" height=\"480\" src=\"http:\/\/www.artisticfilms.es\/wp-content\/uploads\/2021\/06\/cartel-Empusa.jpg\" alt=\"\" class=\"wp-image-173 size-full\" srcset=\"http:\/\/www.artisticfilms.es\/wp-content\/uploads\/2021\/06\/cartel-Empusa.jpg 344w, http:\/\/www.artisticfilms.es\/wp-content\/uploads\/2021\/06\/cartel-Empusa-215x300.jpg 215w\" sizes=\"auto, (max-width: 344px) 100vw, 344px\" \/><\/figure><div class=\"wp-block-media-text__content\">\n<p class=\"has-text-align-center has-large-font-size\"><strong><em>Empusa<\/em><\/strong><\/p>\n\n\n\n<p>G\u00e9nero: Terror<\/p>\n\n\n\n<p>A\u00f1o: 2010<\/p>\n\n\n\n<p>Duraci\u00f3n: 96 min<\/p>\n\n\n\n<p class=\"has-text-align-center\">Abel, un actor retirado que se ha vuelto un entusiasta del ocultismo y V\u00edctor, un viejo lobo de mar, toman largos paseos en la playa hablando de los viejos tiempos. Durante uno de estos paseos encuentran el brazo de una mujer cortado por debajo del codo y con un extra\u00f1o s\u00edmbolo tatuado en la mu\u00f1eca. Obsesionado por el apasionante descubrimiento, Abel decide llevarse a casa el brazo cercenado e investigar el s\u00edmbolo. \u00daltima pel\u00edcula del gran Paul Naschy que muri\u00f3 antes de terminarse la post-producci\u00f3n de la misma.&nbsp;<\/p>\n\n\n\n<p><\/p>\n<\/div><\/div>\n\n\n\n<div class=\"wp-block-media-text alignwide is-stacked-on-mobile\" style=\"grid-template-columns:24% auto\"><figure class=\"wp-block-media-text__media\"><img loading=\"lazy\" decoding=\"async\" width=\"300\" height=\"450\" src=\"http:\/\/www.artisticfilms.es\/wp-content\/uploads\/2021\/06\/la-mujer-que-hablaba-con-los-muertos.jpg\" alt=\"\" class=\"wp-image-174 size-full\" srcset=\"http:\/\/www.artisticfilms.es\/wp-content\/uploads\/2021\/06\/la-mujer-que-hablaba-con-los-muertos.jpg 300w, http:\/\/www.artisticfilms.es\/wp-content\/uploads\/2021\/06\/la-mujer-que-hablaba-con-los-muertos-200x300.jpg 200w\" sizes=\"auto, (max-width: 300px) 100vw, 300px\" \/><\/figure><div class=\"wp-block-media-text__content\">\n<p class=\"has-text-align-center has-large-font-size\"><strong><em>La mujer que hablaba con los muertos<\/em><\/strong><\/p>\n\n\n\n<p>G\u00e9nero: Terror<\/p>\n\n\n\n<p>A\u00f1o: 2014<\/p>\n\n\n\n<p>Duraci\u00f3n: 99 min<\/p>\n\n\n\n<p class=\"has-text-align-center\">Cuando Elena Casta\u00f1o era una ni\u00f1a, ten\u00eda un don: era capaz de comunicarse con los esp\u00edritus de los muertos&#8230; pero esa capacidad desapareci\u00f3 al crecer. Ahora, Elena y su hermana \u00darsula viven de las rentas del pasado, organizando falsas sesiones de espiritismo en las que embaucan a los incautos. Elena, harta de esa vida, ha decidido que esta noche celebrar\u00e1 su \u00faltima sesi\u00f3n. Todo est\u00e1 dispuesto, solo que hay un invitado de m\u00e1s&#8230; un invitado al que nadie esperaba.<\/p>\n\n\n\n<p><\/p>\n<\/div><\/div>\n\n\n\n<div class=\"wp-block-media-text alignwide is-stacked-on-mobile\" style=\"grid-template-columns:24% auto\"><figure class=\"wp-block-media-text__media\"><img loading=\"lazy\" decoding=\"async\" width=\"168\" height=\"300\" src=\"http:\/\/www.artisticfilms.es\/wp-content\/uploads\/2021\/06\/de-la-piel-del-diablo.jpg\" alt=\"\" class=\"wp-image-175 size-full\"\/><\/figure><div class=\"wp-block-media-text__content\">\n<p class=\"has-text-align-center has-large-font-size\"><strong><em>De la piel del Diablo<\/em><\/strong><\/p>\n\n\n\n<p>G\u00e9nero: Terror<\/p>\n\n\n\n<p>A\u00f1o: 2019<\/p>\n\n\n\n<p>Duraci\u00f3n: 75 min<\/p>\n\n\n\n<p class=\"has-text-align-center\">La atracci\u00f3n se desata entre un hombre y una mujer que se encuentran en una galer\u00eda de arte. Comparten gustos y pasatiempos, y ambos parecen ser justo lo que el otro necesita, pero lo que deber\u00eda ser una noche de pasi\u00f3n pronto se convertir\u00e1 en un juego perverso y lleno de trampas y mentiras, en el que nada es lo que parece.<\/p>\n<\/div><\/div>\n\n\n\n<div class=\"wp-block-media-text alignwide is-stacked-on-mobile\" style=\"grid-template-columns:24% auto\"><figure class=\"wp-block-media-text__media\"><img loading=\"lazy\" decoding=\"async\" width=\"717\" height=\"1024\" src=\"http:\/\/www.artisticfilms.es\/wp-content\/uploads\/2021\/06\/Sadhaka_la_senda_del_yoga-109076314-large-717x1024.jpg\" alt=\"\" class=\"wp-image-176 size-full\" srcset=\"http:\/\/www.artisticfilms.es\/wp-content\/uploads\/2021\/06\/Sadhaka_la_senda_del_yoga-109076314-large-717x1024.jpg 717w, http:\/\/www.artisticfilms.es\/wp-content\/uploads\/2021\/06\/Sadhaka_la_senda_del_yoga-109076314-large-210x300.jpg 210w, http:\/\/www.artisticfilms.es\/wp-content\/uploads\/2021\/06\/Sadhaka_la_senda_del_yoga-109076314-large-768x1097.jpg 768w, http:\/\/www.artisticfilms.es\/wp-content\/uploads\/2021\/06\/Sadhaka_la_senda_del_yoga-109076314-large.jpg 840w\" sizes=\"auto, (max-width: 717px) 100vw, 717px\" \/><\/figure><div class=\"wp-block-media-text__content\">\n<p class=\"has-text-align-center has-large-font-size\"><strong><em>Sadhaka, La Senda del Yoga<\/em><\/strong><\/p>\n\n\n\n<p>G\u00e9nero: Documental<\/p>\n\n\n\n<p>A\u00f1o: 2018<\/p>\n\n\n\n<p>Duraci\u00f3n: 89 min<\/p>\n\n\n\n<p class=\"has-text-align-center\">Documental que nos muestra a trav\u00e9s de la experiencia de Ramiro Calle y de sus 50 a\u00f1os de investigaci\u00f3n personal, la historia del verdadero yoga; sus virtudes, su prop\u00f3sito y sus formas m\u00e1s falaces. A\u00f1o 2010, a los 66 a\u00f1os, Ramiro A. Calle, pionero en introducir el yoga en Espa\u00f1a, contrae listeriosis en Sri Lanka. Ingresado en Madrid y contra el pron\u00f3stico que le conced\u00eda 4 horas de vida, se recuper\u00f3 desconcertando al cuerpo m\u00e9dico. A los pocos meses sigui\u00f3 dando clases en su centro, el Shadak, por el que han pasado m\u00e1s de trescientas mil personas desde 1971<\/p>\n\n\n\n<p><\/p>\n<\/div><\/div>\n\n\n\n<div class=\"wp-block-media-text alignwide is-stacked-on-mobile\" style=\"grid-template-columns:24% auto\"><figure class=\"wp-block-media-text__media\"><img loading=\"lazy\" decoding=\"async\" width=\"300\" height=\"417\" src=\"http:\/\/www.artisticfilms.es\/wp-content\/uploads\/2021\/06\/buenas_noches_dijo_la_senorita_pajaro-444549346-mmed.jpg\" alt=\"\" class=\"wp-image-177 size-full\" srcset=\"http:\/\/www.artisticfilms.es\/wp-content\/uploads\/2021\/06\/buenas_noches_dijo_la_senorita_pajaro-444549346-mmed.jpg 300w, http:\/\/www.artisticfilms.es\/wp-content\/uploads\/2021\/06\/buenas_noches_dijo_la_senorita_pajaro-444549346-mmed-216x300.jpg 216w\" sizes=\"auto, (max-width: 300px) 100vw, 300px\" \/><\/figure><div class=\"wp-block-media-text__content\">\n<p class=\"has-large-font-size\">Buenas Noches, dijo la Se\u00f1orita P\u00e1jaro<\/p>\n\n\n\n<p>G\u00e9nero: Terror<\/p>\n\n\n\n<p>A\u00f1o: 2012<\/p>\n\n\n\n<p>Duraci\u00f3n: 100 min<\/p>\n\n\n\n<p class=\"has-text-align-center\">Un adulterio, un secreto familiar, un asesino en serie. Una historia fabricada con estructura de mu\u00f1ecas rusas y con ritmo de monta\u00f1a rusa. El espectador busca una barandilla a la que agarrarse, pero s\u00f3lo encuentra cuchillos.<\/p>\n\n\n\n<p><\/p>\n<\/div><\/div>\n\n\n\n<div class=\"wp-block-media-text alignwide is-stacked-on-mobile\" style=\"grid-template-columns:25% auto\"><figure class=\"wp-block-media-text__media\"><img loading=\"lazy\" decoding=\"async\" width=\"500\" height=\"719\" src=\"http:\/\/www.artisticfilms.es\/wp-content\/uploads\/2021\/06\/mi.jpg\" alt=\"\" class=\"wp-image-178 size-full\" srcset=\"http:\/\/www.artisticfilms.es\/wp-content\/uploads\/2021\/06\/mi.jpg 500w, http:\/\/www.artisticfilms.es\/wp-content\/uploads\/2021\/06\/mi-209x300.jpg 209w\" sizes=\"auto, (max-width: 500px) 100vw, 500px\" \/><\/figure><div class=\"wp-block-media-text__content\">\n<p class=\"has-text-align-center has-large-font-size\"><strong><em>M\u00ed<\/em><\/strong><\/p>\n\n\n\n<p>G\u00e9nero: Terror<\/p>\n\n\n\n<p>A\u00f1o: 2009<\/p>\n\n\n\n<p>Duraci\u00f3n: 95 min<\/p>\n\n\n\n<p class=\"has-text-align-center\">Luisa cree vivir a la sombra de sus padres. Tiene la sensaci\u00f3n de que toda su vida ha sido dise\u00f1ada por ellos. Ni su prometedora carrera ni el apoyo de su novio, Rub\u00e9n, parecen apartar esa idea de su cabeza. Adem\u00e1s, unos terribles acontecimientos de su ni\u00f1ez van a volver a su vida con una fuerza demoledora, trayendo m\u00e1s angustia y tristeza Y puede que asesinato. Luisa va a tener que hacer frente a una situaci\u00f3n que le supera por completo, porque \u00bfC\u00f3mo te defiendes cuando tu peor enemiga eres t\u00fa misma?<\/p>\n\n\n\n<p><\/p>\n<\/div><\/div>\n\n\n\n<p><\/p>\n","protected":false},"excerpt":{"rendered":"<p>Nuestro cat\u00e1logo Vampyres G\u00e9nero: Terror A\u00f1o: 2015 Duraci\u00f3n: 82 min Dos vampiras, que habitan en una oscura mansi\u00f3n, atraen a los hombres para ofrecerles org\u00edas de sexo que desembocan en ba\u00f1os de sangre. Hasta all\u00ed llegan unos j\u00f3venes excursionistas con ganas de fiesta y un hombre joven que oculta un oscuro pasado. La Dama del [&hellip;]<\/p>\n","protected":false},"author":1,"featured_media":0,"parent":0,"menu_order":0,"comment_status":"closed","ping_status":"closed","template":"","meta":{"footnotes":""},"class_list":["post-64","page","type-page","status-publish","hentry"],"_links":{"self":[{"href":"http:\/\/www.artisticfilms.es\/index.php\/wp-json\/wp\/v2\/pages\/64","targetHints":{"allow":["GET"]}}],"collection":[{"href":"http:\/\/www.artisticfilms.es\/index.php\/wp-json\/wp\/v2\/pages"}],"about":[{"href":"http:\/\/www.artisticfilms.es\/index.php\/wp-json\/wp\/v2\/types\/page"}],"author":[{"embeddable":true,"href":"http:\/\/www.artisticfilms.es\/index.php\/wp-json\/wp\/v2\/users\/1"}],"replies":[{"embeddable":true,"href":"http:\/\/www.artisticfilms.es\/index.php\/wp-json\/wp\/v2\/comments?post=64"}],"version-history":[{"count":6,"href":"http:\/\/www.artisticfilms.es\/index.php\/wp-json\/wp\/v2\/pages\/64\/revisions"}],"predecessor-version":[{"id":210,"href":"http:\/\/www.artisticfilms.es\/index.php\/wp-json\/wp\/v2\/pages\/64\/revisions\/210"}],"wp:attachment":[{"href":"http:\/\/www.artisticfilms.es\/index.php\/wp-json\/wp\/v2\/media?parent=64"}],"curies":[{"name":"wp","href":"https:\/\/api.w.org\/{rel}","templated":true}]}}