{"id":52,"date":"2021-06-02T19:17:15","date_gmt":"2021-06-02T19:17:15","guid":{"rendered":"http:\/\/www.artisticfilms.es\/?page_id=52"},"modified":"2021-09-05T10:26:34","modified_gmt":"2021-09-05T10:26:34","slug":"cortometrajes","status":"publish","type":"page","link":"http:\/\/www.artisticfilms.es\/index.php\/cortometrajes\/","title":{"rendered":"Cortometrajes"},"content":{"rendered":"\n<figure class=\"wp-block-image size-large\"><img loading=\"lazy\" decoding=\"async\" width=\"1024\" height=\"512\" src=\"http:\/\/www.artisticfilms.es\/wp-content\/uploads\/2021\/06\/banner-cortos-1024x512.jpg\" alt=\"\" class=\"wp-image-202\" srcset=\"http:\/\/www.artisticfilms.es\/wp-content\/uploads\/2021\/06\/banner-cortos-1024x512.jpg 1024w, http:\/\/www.artisticfilms.es\/wp-content\/uploads\/2021\/06\/banner-cortos-300x150.jpg 300w, http:\/\/www.artisticfilms.es\/wp-content\/uploads\/2021\/06\/banner-cortos-768x384.jpg 768w, http:\/\/www.artisticfilms.es\/wp-content\/uploads\/2021\/06\/banner-cortos-1536x768.jpg 1536w, http:\/\/www.artisticfilms.es\/wp-content\/uploads\/2021\/06\/banner-cortos-2048x1024.jpg 2048w\" sizes=\"auto, (max-width: 1024px) 100vw, 1024px\" \/><\/figure>\n\n\n\n<h2 class=\"has-text-align-center has-white-color has-text-color wp-block-heading\">Distribuye tu cortometraje con nosotros<\/h2>\n\n\n\n<p>Acumulamos m\u00e1s de 80 selecciones internacionales en festivales importantes de g\u00e9nero como Sitges (Espa\u00f1a), Fantaspoa (Brasil), Macabro (M\u00e9xico) y m\u00e1s de 20 premios internacionales a nuestras espaldas, incluyendo el aclamado festival Hollywood Horror Fest.<\/p>\n\n\n\n<p>Hacemos un estudio minucioso del cortometraje y posteriormente de su estrategia de distribuci\u00f3n, realizando as\u00ed una estrategia personalizada para cada proyecto.<\/p>\n\n\n\n<p>Sabemos lo dif\u00edcil que es levantar un proyecto y, en muchas ocasiones, sabemos que el cortometraje es nuestra mejor baza para hacer nuestra carta de presentaci\u00f3n al mundo audiovisual. Es por esto que nosotros cuidamos con delicadeza cada cortometraje y realizamos un seguimiento continuo de este.<\/p>\n\n\n\n<p>No trabajamos con un gran cat\u00e1logo de cortometrajes, \u00fanicamente trabajamos con los  proyectos que sabemos que podemos sacarle un gran rendimiento volc\u00e1ndonos en su distribuci\u00f3n y cosechando numerosas selecciones y premios para conformar el packaging total del proyecto.<\/p>\n\n\n\n<h4 class=\"has-text-align-center has-white-color has-text-color wp-block-heading\">Nuestras tarifas son<\/h4>\n\n\n\n<ul class=\"has-medium-font-size wp-block-list\"><li><strong>Distribuci\u00f3n mundial (nacional e internacional)<\/strong> : 75\u20ac\/mes<\/li><\/ul>\n\n\n\n<ul class=\"has-medium-font-size wp-block-list\"><li><strong>Posibilidad de estrenar en cine<\/strong> ( Artistic Metropol)<\/li><\/ul>\n\n\n\n<ul class=\"has-medium-font-size wp-block-list\"><li><strong>Posibilidad de proyectar el cortometraje delante de tu pel\u00edcula favorita de la cartelera de estreno<\/strong> (Artistic Metropol)<\/li><\/ul>\n\n\n\n<h4 class=\"has-text-align-center has-white-color has-text-color wp-block-heading\">C\u00f3mo trabajamos<\/h4>\n\n\n\n<ol class=\"wp-block-list\"><li>Valoramos el cortometraje y realizamos su estudio.<\/li><li>Conformamos la estrategia de distribuci\u00f3n junto con el cineasta y\/o los productores.<\/li><li>Cada mes enviaremos un mail personalizado a cada cortometraje con los festivales acordes a su estrategia de distribuci\u00f3n.<\/li><li>El cineasta seleccionar\u00e1 los festivales a los que desea presentar su cortometraje e informar\u00e1 a la distribuidora para que esta proceda a su inscripci\u00f3n.<\/li><li>Los fee o Entry Fee (cuota de entrada o inscripci\u00f3n de cada festival) correr\u00e1 a cargo de la productora o del cineasta.<\/li><li>La distribuidora enviar\u00e1 una factura mensual con la cuota mensual establecida m\u00e1s los gastos de fee seleccionados que la productora o el cineasta deber\u00e1 abonar y se mostrar\u00e1 el detalle de los festivales inscritos.<\/li><li>La distribuidora informar\u00e1 mensualmente y enviar\u00e1 un informe con los detalles de los festivales inscritos y su estado.<\/li><li>Valoramos las distintas opciones m\u00e1s all\u00e1 de festivales, tales como ventas a plataformas o exhibici\u00f3n en sala de cine.<\/li><li>Asesoramos legalmente y nos encargamos de la calificaci\u00f3n por edades y nacionalidad de tu cortometraje, encarg\u00e1ndonos tambi\u00e9n de la inscripci\u00f3n en los Premios Goya y que se cumplen todos los requisitos necesarios.<\/li><\/ol>\n\n\n\n<h4 class=\"has-text-align-center has-white-color has-text-color wp-block-heading\">No pierdas tiempo ni dinero. <\/h4>\n\n\n\n<h4 class=\"has-text-align-center wp-block-heading\">Distribuye tu cortometraje con Artistic Films, profesionales de la industria y cortometrajistas.<\/h4>\n\n\n\n<h4 class=\"has-text-align-center has-white-color has-text-color wp-block-heading\">T\u00fa esfuerzo habr\u00e1 merecido la pena, cuida a tu cortometraje.<\/h4>\n\n\n\n<h4 class=\"has-text-align-center wp-block-heading\">Somos especialistas en terror y fant\u00e1stico,<\/h4>\n\n\n\n<h4 class=\"has-text-align-center wp-block-heading\">amantes del cine independiente<\/h4>\n\n\n\n<p><\/p>\n\n\n\n<h2 class=\"has-text-align-center has-white-color has-text-color wp-block-heading\">Nuestro cat\u00e1logo<\/h2>\n\n\n\n<div class=\"wp-block-media-text alignwide is-stacked-on-mobile\" style=\"grid-template-columns:33% auto\"><figure class=\"wp-block-media-text__media\"><img loading=\"lazy\" decoding=\"async\" width=\"566\" height=\"800\" src=\"http:\/\/www.artisticfilms.es\/wp-content\/uploads\/2021\/06\/pornovenganza.jpg\" alt=\"\" class=\"wp-image-188 size-full\" srcset=\"http:\/\/www.artisticfilms.es\/wp-content\/uploads\/2021\/06\/pornovenganza.jpg 566w, http:\/\/www.artisticfilms.es\/wp-content\/uploads\/2021\/06\/pornovenganza-212x300.jpg 212w\" sizes=\"auto, (max-width: 566px) 100vw, 566px\" \/><\/figure><div class=\"wp-block-media-text__content\">\n<p class=\"has-text-align-center has-large-font-size\"><em><strong>#Pornovenganza<\/strong><\/em><\/p>\n\n\n\n<p class=\"has-text-align-center\">Selecciones: + 30<\/p>\n\n\n\n<p class=\"has-text-align-center\">Premios: 8<\/p>\n\n\n\n<p>Selecciones destacadas: Sitges, Fantaspoa, Macabro<\/p>\n\n\n\n<p>Plataformas: Filmin Latino, Darkflix<\/p>\n<\/div><\/div>\n\n\n\n<div class=\"wp-block-media-text alignwide is-stacked-on-mobile\" style=\"grid-template-columns:33% auto\"><figure class=\"wp-block-media-text__media\"><img loading=\"lazy\" decoding=\"async\" width=\"566\" height=\"800\" src=\"http:\/\/www.artisticfilms.es\/wp-content\/uploads\/2021\/06\/murderart.jpg\" alt=\"\" class=\"wp-image-190 size-full\" srcset=\"http:\/\/www.artisticfilms.es\/wp-content\/uploads\/2021\/06\/murderart.jpg 566w, http:\/\/www.artisticfilms.es\/wp-content\/uploads\/2021\/06\/murderart-212x300.jpg 212w\" sizes=\"auto, (max-width: 566px) 100vw, 566px\" \/><\/figure><div class=\"wp-block-media-text__content\">\n<p class=\"has-text-align-center has-large-font-size\"><strong><em>Asesinarte<\/em><\/strong><\/p>\n\n\n\n<p class=\"has-text-align-center\">Selecciones: +20<\/p>\n\n\n\n<p class=\"has-text-align-center\">Premios: 5<\/p>\n\n\n\n<p>Selecciones destacadas: Hollywood Horror Fest<\/p>\n\n\n\n<p>Plataformas: Darkflix<\/p>\n\n\n\n<p><\/p>\n<\/div><\/div>\n\n\n\n<div class=\"wp-block-media-text alignwide is-stacked-on-mobile\" style=\"grid-template-columns:33% auto\"><figure class=\"wp-block-media-text__media\"><img loading=\"lazy\" decoding=\"async\" width=\"640\" height=\"800\" src=\"http:\/\/www.artisticfilms.es\/wp-content\/uploads\/2021\/06\/killer-brownie.jpg\" alt=\"\" class=\"wp-image-191 size-full\" srcset=\"http:\/\/www.artisticfilms.es\/wp-content\/uploads\/2021\/06\/killer-brownie.jpg 640w, http:\/\/www.artisticfilms.es\/wp-content\/uploads\/2021\/06\/killer-brownie-240x300.jpg 240w\" sizes=\"auto, (max-width: 640px) 100vw, 640px\" \/><\/figure><div class=\"wp-block-media-text__content\">\n<p class=\"has-text-align-center has-large-font-size\"><strong><em>Killer Brownie!<\/em><\/strong><\/p>\n\n\n\n<p class=\"has-text-align-center\">Selecciones: +20<\/p>\n\n\n\n<p class=\"has-text-align-center\">Premios: 7<\/p>\n\n\n\n<p>Selecciones destacadas: Fantaspoa<\/p>\n<\/div><\/div>\n\n\n\n<div class=\"wp-block-media-text alignwide is-stacked-on-mobile\" style=\"grid-template-columns:33% auto\"><figure class=\"wp-block-media-text__media\"><img loading=\"lazy\" decoding=\"async\" width=\"734\" height=\"1024\" src=\"http:\/\/www.artisticfilms.es\/wp-content\/uploads\/2021\/09\/Cartel_vertical_LCDLC_baja-734x1024.jpg\" alt=\"\" class=\"wp-image-214 size-full\" srcset=\"http:\/\/www.artisticfilms.es\/wp-content\/uploads\/2021\/09\/Cartel_vertical_LCDLC_baja-734x1024.jpg 734w, http:\/\/www.artisticfilms.es\/wp-content\/uploads\/2021\/09\/Cartel_vertical_LCDLC_baja-215x300.jpg 215w, http:\/\/www.artisticfilms.es\/wp-content\/uploads\/2021\/09\/Cartel_vertical_LCDLC_baja-768x1072.jpg 768w, http:\/\/www.artisticfilms.es\/wp-content\/uploads\/2021\/09\/Cartel_vertical_LCDLC_baja-1101x1536.jpg 1101w, http:\/\/www.artisticfilms.es\/wp-content\/uploads\/2021\/09\/Cartel_vertical_LCDLC_baja.jpg 1376w\" sizes=\"auto, (max-width: 734px) 100vw, 734px\" \/><\/figure><div class=\"wp-block-media-text__content\">\n<p class=\"has-text-align-center has-large-font-size\">La Chica de los Cigarrillos<\/p>\n\n\n\n<p class=\"has-text-align-center\">Selecciones: 8<\/p>\n\n\n\n<p><\/p>\n<\/div><\/div>\n\n\n\n<div class=\"wp-block-media-text alignwide is-stacked-on-mobile\" style=\"grid-template-columns:33% auto\"><figure class=\"wp-block-media-text__media\"><img loading=\"lazy\" decoding=\"async\" width=\"733\" height=\"1024\" src=\"http:\/\/www.artisticfilms.es\/wp-content\/uploads\/2021\/09\/LoRoWPoster_Rosa_Analogica-733x1024.jpg\" alt=\"\" class=\"wp-image-215 size-full\" srcset=\"http:\/\/www.artisticfilms.es\/wp-content\/uploads\/2021\/09\/LoRoWPoster_Rosa_Analogica-733x1024.jpg 733w, http:\/\/www.artisticfilms.es\/wp-content\/uploads\/2021\/09\/LoRoWPoster_Rosa_Analogica-215x300.jpg 215w, http:\/\/www.artisticfilms.es\/wp-content\/uploads\/2021\/09\/LoRoWPoster_Rosa_Analogica-768x1073.jpg 768w, http:\/\/www.artisticfilms.es\/wp-content\/uploads\/2021\/09\/LoRoWPoster_Rosa_Analogica.jpg 976w\" sizes=\"auto, (max-width: 733px) 100vw, 733px\" \/><\/figure><div class=\"wp-block-media-text__content\">\n<p class=\"has-text-align-center has-large-font-size\">Anal\u00f3gica<\/p>\n\n\n\n<p class=\"has-text-align-center\">Selecciones: 6<\/p>\n\n\n\n<p><\/p>\n<\/div><\/div>\n\n\n\n<div class=\"wp-block-media-text alignwide is-stacked-on-mobile\" style=\"grid-template-columns:33% auto\"><figure class=\"wp-block-media-text__media\"><img loading=\"lazy\" decoding=\"async\" width=\"726\" height=\"1024\" src=\"http:\/\/www.artisticfilms.es\/wp-content\/uploads\/2021\/09\/Cartel-El-Retrato-726x1024.jpg\" alt=\"\" class=\"wp-image-212 size-full\" srcset=\"http:\/\/www.artisticfilms.es\/wp-content\/uploads\/2021\/09\/Cartel-El-Retrato-726x1024.jpg 726w, http:\/\/www.artisticfilms.es\/wp-content\/uploads\/2021\/09\/Cartel-El-Retrato-213x300.jpg 213w, http:\/\/www.artisticfilms.es\/wp-content\/uploads\/2021\/09\/Cartel-El-Retrato-768x1083.jpg 768w, http:\/\/www.artisticfilms.es\/wp-content\/uploads\/2021\/09\/Cartel-El-Retrato-1089x1536.jpg 1089w, http:\/\/www.artisticfilms.es\/wp-content\/uploads\/2021\/09\/Cartel-El-Retrato-1453x2048.jpg 1453w, http:\/\/www.artisticfilms.es\/wp-content\/uploads\/2021\/09\/Cartel-El-Retrato-scaled.jpg 1816w\" sizes=\"auto, (max-width: 726px) 100vw, 726px\" \/><\/figure><div class=\"wp-block-media-text__content\">\n<p class=\"has-text-align-center has-large-font-size\">El Retrato<\/p>\n\n\n\n<p class=\"has-text-align-center\">Selecciones: 2<\/p>\n\n\n\n<p>Selecciones destacadas: Sitges<\/p>\n<\/div><\/div>\n\n\n\n<div class=\"wp-block-media-text alignwide is-stacked-on-mobile\" style=\"grid-template-columns:33% auto\"><figure class=\"wp-block-media-text__media\"><img loading=\"lazy\" decoding=\"async\" width=\"724\" height=\"1024\" src=\"http:\/\/www.artisticfilms.es\/wp-content\/uploads\/2021\/09\/Poster_SantaEra_A3-1-724x1024.png\" alt=\"\" class=\"wp-image-220 size-full\" srcset=\"http:\/\/www.artisticfilms.es\/wp-content\/uploads\/2021\/09\/Poster_SantaEra_A3-1-724x1024.png 724w, http:\/\/www.artisticfilms.es\/wp-content\/uploads\/2021\/09\/Poster_SantaEra_A3-1-212x300.png 212w, http:\/\/www.artisticfilms.es\/wp-content\/uploads\/2021\/09\/Poster_SantaEra_A3-1-768x1086.png 768w, http:\/\/www.artisticfilms.es\/wp-content\/uploads\/2021\/09\/Poster_SantaEra_A3-1-1086x1536.png 1086w, http:\/\/www.artisticfilms.es\/wp-content\/uploads\/2021\/09\/Poster_SantaEra_A3-1-1448x2048.png 1448w\" sizes=\"auto, (max-width: 724px) 100vw, 724px\" \/><\/figure><div class=\"wp-block-media-text__content\">\n<p class=\"has-text-align-center has-large-font-size\">Santa Era<\/p>\n\n\n\n<p class=\"has-text-align-center\">Selecciones: esperando estreno<\/p>\n\n\n\n<p><\/p>\n<\/div><\/div>\n\n\n\n<div class=\"wp-block-media-text alignwide is-stacked-on-mobile\" style=\"grid-template-columns:33% auto\"><figure class=\"wp-block-media-text__media\"><img loading=\"lazy\" decoding=\"async\" width=\"724\" height=\"1024\" src=\"http:\/\/www.artisticfilms.es\/wp-content\/uploads\/2021\/09\/poster-El-Legado-de-Alicia-724x1024.jpg\" alt=\"\" class=\"wp-image-216 size-full\" srcset=\"http:\/\/www.artisticfilms.es\/wp-content\/uploads\/2021\/09\/poster-El-Legado-de-Alicia-724x1024.jpg 724w, http:\/\/www.artisticfilms.es\/wp-content\/uploads\/2021\/09\/poster-El-Legado-de-Alicia-212x300.jpg 212w, http:\/\/www.artisticfilms.es\/wp-content\/uploads\/2021\/09\/poster-El-Legado-de-Alicia-768x1086.jpg 768w, http:\/\/www.artisticfilms.es\/wp-content\/uploads\/2021\/09\/poster-El-Legado-de-Alicia-1086x1536.jpg 1086w, http:\/\/www.artisticfilms.es\/wp-content\/uploads\/2021\/09\/poster-El-Legado-de-Alicia-1448x2048.jpg 1448w, http:\/\/www.artisticfilms.es\/wp-content\/uploads\/2021\/09\/poster-El-Legado-de-Alicia-scaled.jpg 1810w\" sizes=\"auto, (max-width: 724px) 100vw, 724px\" \/><\/figure><div class=\"wp-block-media-text__content\">\n<p class=\"has-text-align-center has-large-font-size\">El Legado de Alicia<\/p>\n\n\n\n<p class=\"has-text-align-center\">Selecciones: esperando estreno<\/p>\n\n\n\n<p><\/p>\n<\/div><\/div>\n","protected":false},"excerpt":{"rendered":"<p>Distribuye tu cortometraje con nosotros Acumulamos m\u00e1s de 80 selecciones internacionales en festivales importantes de g\u00e9nero como Sitges (Espa\u00f1a), Fantaspoa (Brasil), Macabro (M\u00e9xico) y m\u00e1s de 20 premios internacionales a nuestras espaldas, incluyendo el aclamado festival Hollywood Horror Fest. Hacemos un estudio minucioso del cortometraje y posteriormente de su estrategia de distribuci\u00f3n, realizando as\u00ed una [&hellip;]<\/p>\n","protected":false},"author":1,"featured_media":0,"parent":0,"menu_order":0,"comment_status":"closed","ping_status":"closed","template":"","meta":{"footnotes":""},"class_list":["post-52","page","type-page","status-publish","hentry"],"_links":{"self":[{"href":"http:\/\/www.artisticfilms.es\/index.php\/wp-json\/wp\/v2\/pages\/52","targetHints":{"allow":["GET"]}}],"collection":[{"href":"http:\/\/www.artisticfilms.es\/index.php\/wp-json\/wp\/v2\/pages"}],"about":[{"href":"http:\/\/www.artisticfilms.es\/index.php\/wp-json\/wp\/v2\/types\/page"}],"author":[{"embeddable":true,"href":"http:\/\/www.artisticfilms.es\/index.php\/wp-json\/wp\/v2\/users\/1"}],"replies":[{"embeddable":true,"href":"http:\/\/www.artisticfilms.es\/index.php\/wp-json\/wp\/v2\/comments?post=52"}],"version-history":[{"count":11,"href":"http:\/\/www.artisticfilms.es\/index.php\/wp-json\/wp\/v2\/pages\/52\/revisions"}],"predecessor-version":[{"id":221,"href":"http:\/\/www.artisticfilms.es\/index.php\/wp-json\/wp\/v2\/pages\/52\/revisions\/221"}],"wp:attachment":[{"href":"http:\/\/www.artisticfilms.es\/index.php\/wp-json\/wp\/v2\/media?parent=52"}],"curies":[{"name":"wp","href":"https:\/\/api.w.org\/{rel}","templated":true}]}}