{"id":42,"date":"2021-06-02T18:45:46","date_gmt":"2021-06-02T18:45:46","guid":{"rendered":"http:\/\/www.artisticfilms.es\/?page_id=42"},"modified":"2021-06-05T11:25:58","modified_gmt":"2021-06-05T11:25:58","slug":"nuestro-equipo","status":"publish","type":"page","link":"http:\/\/www.artisticfilms.es\/index.php\/nuestro-equipo\/","title":{"rendered":"Nuestro equipo"},"content":{"rendered":"\n<div class=\"wp-block-image\"><figure class=\"aligncenter size-large is-resized\"><img loading=\"lazy\" decoding=\"async\" src=\"http:\/\/www.artisticfilms.es\/wp-content\/uploads\/2021\/06\/IMG_20210603_192547-1024x993.jpg\" alt=\"\" class=\"wp-image-141\" width=\"377\" height=\"365\" srcset=\"http:\/\/www.artisticfilms.es\/wp-content\/uploads\/2021\/06\/IMG_20210603_192547-1024x993.jpg 1024w, http:\/\/www.artisticfilms.es\/wp-content\/uploads\/2021\/06\/IMG_20210603_192547-300x291.jpg 300w, http:\/\/www.artisticfilms.es\/wp-content\/uploads\/2021\/06\/IMG_20210603_192547-768x745.jpg 768w, http:\/\/www.artisticfilms.es\/wp-content\/uploads\/2021\/06\/IMG_20210603_192547.jpg 1080w\" sizes=\"auto, (max-width: 377px) 100vw, 377px\" \/><\/figure><\/div>\n\n\n\n<h5 class=\"has-text-align-center has-white-color has-text-color wp-block-heading\">\u00c1ngel Mora<\/h5>\n\n\n\n<p class=\"has-text-align-center\">Fundador y CEO de Artistic Films.<\/p>\n\n\n\n<p class=\"has-text-align-center\">Productor cinematogr\u00e1fico, distribuidor y exhibidor.<\/p>\n\n\n\n<p><\/p>\n\n\n\n<div class=\"wp-block-image\"><figure class=\"aligncenter size-large is-resized\"><img loading=\"lazy\" decoding=\"async\" src=\"http:\/\/www.artisticfilms.es\/wp-content\/uploads\/2021\/06\/IMG_20210603_193044-1024x989.jpg\" alt=\"\" class=\"wp-image-142\" width=\"384\" height=\"370\" srcset=\"http:\/\/www.artisticfilms.es\/wp-content\/uploads\/2021\/06\/IMG_20210603_193044-1024x989.jpg 1024w, http:\/\/www.artisticfilms.es\/wp-content\/uploads\/2021\/06\/IMG_20210603_193044-300x290.jpg 300w, http:\/\/www.artisticfilms.es\/wp-content\/uploads\/2021\/06\/IMG_20210603_193044-768x742.jpg 768w, http:\/\/www.artisticfilms.es\/wp-content\/uploads\/2021\/06\/IMG_20210603_193044.jpg 1080w\" sizes=\"auto, (max-width: 384px) 100vw, 384px\" \/><\/figure><\/div>\n\n\n\n<h5 class=\"has-text-align-center has-white-color has-text-color wp-block-heading\">V\u00edctor Paniagua (Panys)<\/h5>\n\n\n\n<p class=\"has-text-align-center\">Productor cinematogr\u00e1fico y filmmaker.<\/p>\n\n\n\n<p class=\"has-text-align-center\">CEO de Panic in Frames, distribuidor de cortometrajes.<\/p>\n\n\n\n<p class=\"has-text-align-center\">Fan\u00e1tico del terror, amante del gore.<\/p>\n\n\n\n<p><\/p>\n","protected":false},"excerpt":{"rendered":"<p>\u00c1ngel Mora Fundador y CEO de Artistic Films. Productor cinematogr\u00e1fico, distribuidor y exhibidor. V\u00edctor Paniagua (Panys) Productor cinematogr\u00e1fico y filmmaker. CEO de Panic in Frames, distribuidor de cortometrajes. Fan\u00e1tico del terror, amante del gore.<\/p>\n","protected":false},"author":1,"featured_media":0,"parent":0,"menu_order":0,"comment_status":"closed","ping_status":"closed","template":"","meta":{"footnotes":""},"class_list":["post-42","page","type-page","status-publish","hentry"],"_links":{"self":[{"href":"http:\/\/www.artisticfilms.es\/index.php\/wp-json\/wp\/v2\/pages\/42","targetHints":{"allow":["GET"]}}],"collection":[{"href":"http:\/\/www.artisticfilms.es\/index.php\/wp-json\/wp\/v2\/pages"}],"about":[{"href":"http:\/\/www.artisticfilms.es\/index.php\/wp-json\/wp\/v2\/types\/page"}],"author":[{"embeddable":true,"href":"http:\/\/www.artisticfilms.es\/index.php\/wp-json\/wp\/v2\/users\/1"}],"replies":[{"embeddable":true,"href":"http:\/\/www.artisticfilms.es\/index.php\/wp-json\/wp\/v2\/comments?post=42"}],"version-history":[{"count":9,"href":"http:\/\/www.artisticfilms.es\/index.php\/wp-json\/wp\/v2\/pages\/42\/revisions"}],"predecessor-version":[{"id":200,"href":"http:\/\/www.artisticfilms.es\/index.php\/wp-json\/wp\/v2\/pages\/42\/revisions\/200"}],"wp:attachment":[{"href":"http:\/\/www.artisticfilms.es\/index.php\/wp-json\/wp\/v2\/media?parent=42"}],"curies":[{"name":"wp","href":"https:\/\/api.w.org\/{rel}","templated":true}]}}