{"id":36,"date":"2021-06-02T18:45:10","date_gmt":"2021-06-02T18:45:10","guid":{"rendered":"http:\/\/www.artisticfilms.es\/?page_id=36"},"modified":"2021-06-03T14:51:08","modified_gmt":"2021-06-03T14:51:08","slug":"agencia-de-ventas","status":"publish","type":"page","link":"http:\/\/www.artisticfilms.es\/index.php\/agencia-de-ventas\/","title":{"rendered":"Agentes de ventas"},"content":{"rendered":"\n<div class=\"wp-block-image\"><figure class=\"aligncenter size-large is-resized\"><img loading=\"lazy\" decoding=\"async\" src=\"http:\/\/www.artisticfilms.es\/wp-content\/uploads\/2021\/06\/glb-720x508-1.jpg\" alt=\"\" class=\"wp-image-122\" width=\"389\" height=\"275\" srcset=\"http:\/\/www.artisticfilms.es\/wp-content\/uploads\/2021\/06\/glb-720x508-1.jpg 720w, http:\/\/www.artisticfilms.es\/wp-content\/uploads\/2021\/06\/glb-720x508-1-300x212.jpg 300w\" sizes=\"auto, (max-width: 389px) 100vw, 389px\" \/><\/figure><\/div>\n\n\n\n<h3 class=\"has-text-align-center wp-block-heading\">Vendemos tu pel\u00edcula a nivel mundial<\/h3>\n\n\n\n<p class=\"has-text-align-center\"><strong>A nivel nacional<\/strong>, Artistic Films se encarga de gestionar y vender tu pel\u00edcula a plataformas como Filmin, Movistar, Netflix Europa, Prime Video, Planet Horror&#8230;as\u00ed como a televisiones y canales como TVE, Dark&#8230;<\/p>\n\n\n\n<p class=\"has-text-align-center\">Hemos trabajado con todas las plataformas y televisiones anteriormente mencionadas.<\/p>\n\n\n\n<p class=\"has-text-align-center\">El mercado VoD est\u00e1 en auge. Aprovecha.<\/p>\n\n\n\n<p><\/p>\n\n\n\n<p class=\"has-text-align-center\"><strong>A nivel internacional<\/strong>, nos encargamos de enlazar tu pel\u00edcula con agentes de ventas internacionales los cuales venden a todo el mundo tanto a distribuidoras como a plataformas y televisiones, y gestionamos esos contratos de venta. Imagina ver tu poster de tu pel\u00edcula en alem\u00e1n o japon\u00e9s, \u00a1Tu sue\u00f1o cumplido!<\/p>\n\n\n\n<p>Nuestros agentes de ventas internacionales conf\u00edan en nosotros y hemos trabajado en muchas ocasiones con ellos vendiendo a pa\u00edses como Alemania, Hong Kong, Rusia, Francia, USA, Canad\u00e1, Jap\u00f3n, M\u00e9xico, Italia&#8230;<\/p>\n\n\n\n<figure class=\"wp-block-image size-large is-resized\"><img loading=\"lazy\" decoding=\"async\" src=\"http:\/\/www.artisticfilms.es\/wp-content\/uploads\/2021\/06\/banner-vampyres-paises-1024x418.jpg\" alt=\"\" class=\"wp-image-124\" width=\"838\" height=\"341\" srcset=\"http:\/\/www.artisticfilms.es\/wp-content\/uploads\/2021\/06\/banner-vampyres-paises-1024x418.jpg 1024w, http:\/\/www.artisticfilms.es\/wp-content\/uploads\/2021\/06\/banner-vampyres-paises-300x122.jpg 300w, http:\/\/www.artisticfilms.es\/wp-content\/uploads\/2021\/06\/banner-vampyres-paises-768x313.jpg 768w, http:\/\/www.artisticfilms.es\/wp-content\/uploads\/2021\/06\/banner-vampyres-paises-1536x626.jpg 1536w, http:\/\/www.artisticfilms.es\/wp-content\/uploads\/2021\/06\/banner-vampyres-paises-2048x835.jpg 2048w\" sizes=\"auto, (max-width: 838px) 100vw, 838px\" \/><\/figure>\n","protected":false},"excerpt":{"rendered":"<p>Vendemos tu pel\u00edcula a nivel mundial A nivel nacional, Artistic Films se encarga de gestionar y vender tu pel\u00edcula a plataformas como Filmin, Movistar, Netflix Europa, Prime Video, Planet Horror&#8230;as\u00ed como a televisiones y canales como TVE, Dark&#8230; Hemos trabajado con todas las plataformas y televisiones anteriormente mencionadas. El mercado VoD est\u00e1 en auge. Aprovecha. [&hellip;]<\/p>\n","protected":false},"author":1,"featured_media":0,"parent":0,"menu_order":0,"comment_status":"closed","ping_status":"closed","template":"","meta":{"footnotes":""},"class_list":["post-36","page","type-page","status-publish","hentry"],"_links":{"self":[{"href":"http:\/\/www.artisticfilms.es\/index.php\/wp-json\/wp\/v2\/pages\/36","targetHints":{"allow":["GET"]}}],"collection":[{"href":"http:\/\/www.artisticfilms.es\/index.php\/wp-json\/wp\/v2\/pages"}],"about":[{"href":"http:\/\/www.artisticfilms.es\/index.php\/wp-json\/wp\/v2\/types\/page"}],"author":[{"embeddable":true,"href":"http:\/\/www.artisticfilms.es\/index.php\/wp-json\/wp\/v2\/users\/1"}],"replies":[{"embeddable":true,"href":"http:\/\/www.artisticfilms.es\/index.php\/wp-json\/wp\/v2\/comments?post=36"}],"version-history":[{"count":4,"href":"http:\/\/www.artisticfilms.es\/index.php\/wp-json\/wp\/v2\/pages\/36\/revisions"}],"predecessor-version":[{"id":131,"href":"http:\/\/www.artisticfilms.es\/index.php\/wp-json\/wp\/v2\/pages\/36\/revisions\/131"}],"wp:attachment":[{"href":"http:\/\/www.artisticfilms.es\/index.php\/wp-json\/wp\/v2\/media?parent=36"}],"curies":[{"name":"wp","href":"https:\/\/api.w.org\/{rel}","templated":true}]}}