{"id":156,"date":"2021-06-05T10:30:26","date_gmt":"2021-06-05T10:30:26","guid":{"rendered":"http:\/\/www.artisticfilms.es\/?page_id=156"},"modified":"2021-06-05T11:11:40","modified_gmt":"2021-06-05T11:11:40","slug":"documental","status":"publish","type":"page","link":"http:\/\/www.artisticfilms.es\/index.php\/documental\/","title":{"rendered":"Documental"},"content":{"rendered":"\n<div class=\"wp-block-media-text alignwide is-stacked-on-mobile\" style=\"grid-template-columns:23% auto\"><figure class=\"wp-block-media-text__media\"><img loading=\"lazy\" decoding=\"async\" width=\"733\" height=\"1024\" src=\"http:\/\/www.artisticfilms.es\/wp-content\/uploads\/2021\/06\/cartel-Regresa-El-Cepa-733x1024.jpg\" alt=\"\" class=\"wp-image-170 size-full\" srcset=\"http:\/\/www.artisticfilms.es\/wp-content\/uploads\/2021\/06\/cartel-Regresa-El-Cepa-733x1024.jpg 733w, http:\/\/www.artisticfilms.es\/wp-content\/uploads\/2021\/06\/cartel-Regresa-El-Cepa-215x300.jpg 215w, http:\/\/www.artisticfilms.es\/wp-content\/uploads\/2021\/06\/cartel-Regresa-El-Cepa-768x1073.jpg 768w, http:\/\/www.artisticfilms.es\/wp-content\/uploads\/2021\/06\/cartel-Regresa-El-Cepa.jpg 859w\" sizes=\"auto, (max-width: 733px) 100vw, 733px\" \/><\/figure><div class=\"wp-block-media-text__content\">\n<p class=\"has-text-align-center has-large-font-size\"><strong><em>Regresa El Cepa<\/em><\/strong><\/p>\n\n\n\n<p>G\u00e9nero: Documental<\/p>\n\n\n\n<p>A\u00f1o: 2019<\/p>\n\n\n\n<p>Duraci\u00f3n: 81 min<\/p>\n\n\n\n<p class=\"has-text-align-center\">Hace cuarenta a\u00f1os se rodaba \u201cEl crimen de Cuenca\u201d (1979) de la directora Pilar Mir\u00f3, que ser\u00e1 despu\u00e9s secuestrada militarmente y su directora procesada. Una pel\u00edcula que m\u00e1s tarde se convertir\u00e1 en uno de los grandes \u00e9xitos del cine espa\u00f1ol y su estreno en un ejemplo de avance de la democracia y de la libertad de expresi\u00f3n. Como en el caso real y en la pel\u00edcula, \u201cEl Cepa\u201d regresa para contarlo.<\/p>\n<\/div><\/div>\n\n\n\n<div class=\"wp-block-media-text alignwide is-stacked-on-mobile\" style=\"grid-template-columns:23% auto\"><figure class=\"wp-block-media-text__media\"><img loading=\"lazy\" decoding=\"async\" width=\"724\" height=\"1024\" src=\"http:\/\/www.artisticfilms.es\/wp-content\/uploads\/2021\/06\/Monumental-507591817-large-724x1024.jpg\" alt=\"\" class=\"wp-image-172 size-full\" srcset=\"http:\/\/www.artisticfilms.es\/wp-content\/uploads\/2021\/06\/Monumental-507591817-large-724x1024.jpg 724w, http:\/\/www.artisticfilms.es\/wp-content\/uploads\/2021\/06\/Monumental-507591817-large-212x300.jpg 212w, http:\/\/www.artisticfilms.es\/wp-content\/uploads\/2021\/06\/Monumental-507591817-large-768x1087.jpg 768w, http:\/\/www.artisticfilms.es\/wp-content\/uploads\/2021\/06\/Monumental-507591817-large.jpg 848w\" sizes=\"auto, (max-width: 724px) 100vw, 724px\" \/><\/figure><div class=\"wp-block-media-text__content\">\n<p class=\"has-text-align-center has-large-font-size\"><strong><em>Monumental<\/em><\/strong><\/p>\n\n\n\n<p>G\u00e9nero: Documental<\/p>\n\n\n\n<p>A\u00f1o: 2020<\/p>\n\n\n\n<p>Duraci\u00f3n: 77 min<\/p>\n\n\n\n<p class=\"has-text-align-center\">Esta es la historia de siete personas diagnosticadas con enfermedad mental grave y duradera, del taller de teatro en el que se encuentran, de los retratos fotogr\u00e1ficos que una de ellas decide hacerles, de las relaciones que poco a poco se van estableciendo entre ellos, sus confesiones, sue\u00f1os e inquietudes. Pero, sobre todo, lo es de su particular catarsis a trav\u00e9s de la propia filmaci\u00f3n del documental; para algunos, una manera de hacer las paces con su pasado; para otros, el descubrimiento de nuevos amigos; y para otros, una manera de afrontar los fantasmas de su ni\u00f1ez. En definitiva, una experiencia que marcar\u00e1 un punto de giro en sus vidas.<\/p>\n<\/div><\/div>\n\n\n\n<div class=\"wp-block-media-text alignwide is-stacked-on-mobile\" style=\"grid-template-columns:24% auto\"><figure class=\"wp-block-media-text__media\"><img loading=\"lazy\" decoding=\"async\" width=\"717\" height=\"1024\" src=\"http:\/\/www.artisticfilms.es\/wp-content\/uploads\/2021\/06\/Sadhaka_la_senda_del_yoga-109076314-large-717x1024.jpg\" alt=\"\" class=\"wp-image-176 size-full\" srcset=\"http:\/\/www.artisticfilms.es\/wp-content\/uploads\/2021\/06\/Sadhaka_la_senda_del_yoga-109076314-large-717x1024.jpg 717w, http:\/\/www.artisticfilms.es\/wp-content\/uploads\/2021\/06\/Sadhaka_la_senda_del_yoga-109076314-large-210x300.jpg 210w, http:\/\/www.artisticfilms.es\/wp-content\/uploads\/2021\/06\/Sadhaka_la_senda_del_yoga-109076314-large-768x1097.jpg 768w, http:\/\/www.artisticfilms.es\/wp-content\/uploads\/2021\/06\/Sadhaka_la_senda_del_yoga-109076314-large.jpg 840w\" sizes=\"auto, (max-width: 717px) 100vw, 717px\" \/><\/figure><div class=\"wp-block-media-text__content\">\n<p class=\"has-text-align-center has-large-font-size\"><strong><em>Sadhaka, La Senda del Yoga<\/em><\/strong><\/p>\n\n\n\n<p>G\u00e9nero: Documental<\/p>\n\n\n\n<p>A\u00f1o: 2018<\/p>\n\n\n\n<p>Duraci\u00f3n: 89 min<\/p>\n\n\n\n<p class=\"has-text-align-center\">Documental que nos muestra a trav\u00e9s de la experiencia de Ramiro Calle y de sus 50 a\u00f1os de investigaci\u00f3n personal, la historia del verdadero yoga; sus virtudes, su prop\u00f3sito y sus formas m\u00e1s falaces. A\u00f1o 2010, a los 66 a\u00f1os, Ramiro A. Calle, pionero en introducir el yoga en Espa\u00f1a, contrae listeriosis en Sri Lanka. Ingresado en Madrid y contra el pron\u00f3stico que le conced\u00eda 4 horas de vida, se recuper\u00f3 desconcertando al cuerpo m\u00e9dico. A los pocos meses sigui\u00f3 dando clases en su centro, el Shadak, por el que han pasado m\u00e1s de trescientas mil personas desde 1971<\/p>\n\n\n\n<p><\/p>\n<\/div><\/div>\n","protected":false},"excerpt":{"rendered":"<p>Regresa El Cepa G\u00e9nero: Documental A\u00f1o: 2019 Duraci\u00f3n: 81 min Hace cuarenta a\u00f1os se rodaba \u201cEl crimen de Cuenca\u201d (1979) de la directora Pilar Mir\u00f3, que ser\u00e1 despu\u00e9s secuestrada militarmente y su directora procesada. Una pel\u00edcula que m\u00e1s tarde se convertir\u00e1 en uno de los grandes \u00e9xitos del cine espa\u00f1ol y su estreno en un [&hellip;]<\/p>\n","protected":false},"author":1,"featured_media":0,"parent":0,"menu_order":0,"comment_status":"closed","ping_status":"closed","template":"","meta":{"footnotes":""},"class_list":["post-156","page","type-page","status-publish","hentry"],"_links":{"self":[{"href":"http:\/\/www.artisticfilms.es\/index.php\/wp-json\/wp\/v2\/pages\/156","targetHints":{"allow":["GET"]}}],"collection":[{"href":"http:\/\/www.artisticfilms.es\/index.php\/wp-json\/wp\/v2\/pages"}],"about":[{"href":"http:\/\/www.artisticfilms.es\/index.php\/wp-json\/wp\/v2\/types\/page"}],"author":[{"embeddable":true,"href":"http:\/\/www.artisticfilms.es\/index.php\/wp-json\/wp\/v2\/users\/1"}],"replies":[{"embeddable":true,"href":"http:\/\/www.artisticfilms.es\/index.php\/wp-json\/wp\/v2\/comments?post=156"}],"version-history":[{"count":3,"href":"http:\/\/www.artisticfilms.es\/index.php\/wp-json\/wp\/v2\/pages\/156\/revisions"}],"predecessor-version":[{"id":187,"href":"http:\/\/www.artisticfilms.es\/index.php\/wp-json\/wp\/v2\/pages\/156\/revisions\/187"}],"wp:attachment":[{"href":"http:\/\/www.artisticfilms.es\/index.php\/wp-json\/wp\/v2\/media?parent=156"}],"curies":[{"name":"wp","href":"https:\/\/api.w.org\/{rel}","templated":true}]}}